{"id":5053,"date":"2021-09-22T07:20:57","date_gmt":"2021-09-22T05:20:57","guid":{"rendered":"https:\/\/traduccionesypoderes.com\/politica-de-cookie-uri\/"},"modified":"2025-10-22T19:58:03","modified_gmt":"2025-10-22T17:58:03","slug":"politica-de-cookie-uri","status":"publish","type":"page","link":"https:\/\/traduccionesypoderes.com\/ro\/politica-de-cookie-uri\/","title":{"rendered":"Politica de cookie-uri"},"content":{"rendered":"\t\t<div data-elementor-type=\"wp-page\" data-elementor-id=\"5053\" class=\"elementor elementor-5053 elementor-2806\" data-elementor-post-type=\"page\">\n\t\t\t\t\t\t<section class=\"elementor-section elementor-top-section elementor-element elementor-element-351e1a3 elementor-section-boxed elementor-section-height-default elementor-section-height-default\" data-id=\"351e1a3\" data-element_type=\"section\">\n\t\t\t\t\t\t<div class=\"elementor-container elementor-column-gap-wider\">\n\t\t\t\t\t<div class=\"elementor-column elementor-col-100 elementor-top-column elementor-element elementor-element-da23136\" data-id=\"da23136\" data-element_type=\"column\">\n\t\t\t<div class=\"elementor-widget-wrap elementor-element-populated\">\n\t\t\t\t\t\t<div class=\"elementor-element elementor-element-453c5e1 elementor-widget elementor-widget-text-editor\" data-id=\"453c5e1\" data-element_type=\"widget\" data-widget_type=\"text-editor.default\">\n\t\t\t\t\t\t\t\t\t<p>\u00cen <strong>Traducciones y Poderes<\/strong> folosim cookie-uri \u0219i tehnologii similare pentru a asigura func\u021bionarea corect\u0103 a site-ului nostru web, pentru a \u00eembun\u0103t\u0103\u021bi experien\u021ba utilizatorului \u0219i pentru a analiza traficul site-ului. Aceast\u0103 politic\u0103 descrie ce sunt cookie-urile, ce tipuri folosim \u0219i cum le pute\u021bi gestiona.<\/p><hr><h2> <\/h2><h2><strong>Ce sunt cookie-urile?<\/strong><\/h2><p>Cookie-urile sunt fi\u0219iere text mici care sunt stocate pe dispozitivul dumneavoastr\u0103 atunci c\u00e2nd vizita\u021bi site-ul nostru web. Acestea permit site-ului nostru s\u0103 func\u021bioneze eficient, s\u0103 v\u0103 recunoasc\u0103 preferin\u021bele \u0219i s\u0103 ofere servicii personalizate. <\/p><hr><h2> <\/h2><h2><strong>Tipuri de cookie-uri pe care le folosim<\/strong><\/h2><h3><strong>1. Cookie-uri esen\u021biale<\/strong><\/h3><p>Aceste cookie-uri sunt necesare pentru func\u021bionarea corect\u0103 a site-ului \u0219i nu pot fi dezactivate \u00een sistemele noastre. Acestea includ: <\/p><ul><li>Gestionarea sesiunilor de utilizator.<\/li><li>Securitate prin <strong>Google reCAPTCHA<\/strong> pentru a proteja formularele noastre de contact.<\/li><\/ul><h3><strong>2. Cookie-uri analitice<\/strong><\/h3><p>Utiliz\u0103m <strong>Google Analytics<\/strong> pentru a colecta informa\u021bii despre modul \u00een care vizitatorii utilizeaz\u0103 site-ul nostru. Acest lucru ne ajut\u0103 s\u0103 \u00eembun\u0103t\u0103\u021bim continuu experien\u021ba utilizatorului. Datele colectate sunt anonimizate \u0219i nu identific\u0103 personal utilizatorii.  <\/p><h3><strong>3. Cookie-uri de la ter\u021bi<\/strong><\/h3><p>Unele servicii integrate \u00een site-ul nostru web pot instala propriile cookie-uri:<\/p><ul><li><strong>Google reCAPTCHA<\/strong>: Pentru a ne proteja \u00eempotriva spam-ului.<\/li><li><strong>Google Search Console<\/strong>: Pentru a analiza performan\u021ba site-ului \u00een motoarele de c\u0103utare.<\/li><\/ul><hr><h2> <\/h2><h2><strong>Cum gestion\u0103m consim\u021b\u0103m\u00e2ntul?<\/strong><\/h2><p>C\u00e2nd vizita\u021bi site-ul nostru web, vi se va afi\u0219a un banner cu op\u021biuni pentru a accepta, respinge sau personaliza cookie-urile. Acest sistem este gestionat de <strong>CookieYes<\/strong>. <\/p><p>Pute\u021bi schimba preferin\u021bele dumneavoastr\u0103 privind cookie-urile sau v\u0103 pute\u021bi retrage consim\u021b\u0103m\u00e2ntul \u00een orice moment, f\u0103c\u00e2nd clic pe butonul sau link-ul disponibil pe site-ul nostru web pentru a configura cookie-urile.<\/p><hr><h2> <\/h2><h2><strong>Durata cookie-urilor<\/strong><\/h2><p>Cookie-urile pot fi de dou\u0103 tipuri:<\/p><ul><li><strong>Cookie-uri de sesiune<\/strong>: Sunt \u0219terse automat c\u00e2nd \u00eenchide\u021bi browserul.<\/li><li><strong>Cookie-uri persistente<\/strong>: R\u0103m\u00e2n pe dispozitivul dumneavoastr\u0103 pentru o perioad\u0103 definit\u0103 sau p\u00e2n\u0103 c\u00e2nd le \u0219terge\u021bi manual.<\/li><\/ul><hr><h2> <\/h2><h2><strong>Cum dezactiva\u021bi cookie-urile \u00een browserul dumneavoastr\u0103?<\/strong><\/h2><p>Pute\u021bi configura browserul dumneavoastr\u0103 s\u0103 blocheze sau s\u0103 \u0219tearg\u0103 cookie-urile. V\u0103 rug\u0103m s\u0103 re\u021bine\u021bi c\u0103 acest lucru ar putea afecta func\u021bionarea site-ului nostru. Aici ave\u021bi link-uri cu instruc\u021biunile pentru cele mai populare browsere:  <\/p><ul><li><a target=\"_new\" rel=\"noopener\">Google Chrome<\/a><\/li><li><a href=\"https:\/\/support.mozilla.org\/ca\/kb\/activar-i-desactivar-les-galetes\" target=\"_new\" rel=\"noopener\">Mozilla Firefox<\/a><\/li><li><a href=\"https:\/\/support.microsoft.com\/ca-es\/help\/4027947\/microsoft-edge-delete-cookies\" target=\"_new\" rel=\"noopener\">Microsoft Edge<\/a><\/li><li><a href=\"https:\/\/support.apple.com\/ca-es\/guide\/safari\/sfri11471\/mac\" target=\"_new\" rel=\"noopener\">Safari<\/a><\/li><\/ul><hr><h2> <\/h2><h2><strong>Actualiz\u0103ri ale acestei politici<\/strong><\/h2><p>Putem actualiza aceast\u0103 politic\u0103 de cookie-uri pentru a reflecta modific\u0103ri ale practicilor noastre sau ale reglement\u0103rilor legale. Data ultimei actualiz\u0103ri va fi indicat\u0103 la sf\u00e2r\u0219itul documentului. <\/p><hr><p><strong>Ultima actualizare:<\/strong> 20 octombrie 2025<br>Pentru mai multe informa\u021bii, consulta\u021bi <a href=\"https:\/\/traduccionesypoderes.com\/politica-privacidad\/\" rel=\"noopener\">Politica noastr\u0103 de confiden\u021bialitate<\/a>.<\/p>\t\t\t\t\t\t\t\t<\/div>\n\t\t\t\t\t<\/div>\n\t\t<\/div>\n\t\t\t\t\t<\/div>\n\t\t<\/section>\n\t\t\t\t<\/div>\n\t\t","protected":false},"excerpt":{"rendered":"<p>\u00cen Traducciones y Poderes folosim cookie-uri \u0219i tehnologii similare pentru a asigura func\u021bionarea corect\u0103 a site-ului nostru web, pentru a \u00eembun\u0103t\u0103\u021bi experien\u021ba utilizatorului \u0219i pentru a analiza traficul site-ului. Aceast\u0103 politic\u0103 descrie ce sunt cookie-urile, ce tipuri folosim \u0219i cum le pute\u021bi gestiona. Ce sunt cookie-urile? Cookie-urile sunt fi\u0219iere text mici care sunt stocate pe&hellip;<\/p>\n","protected":false},"author":1,"featured_media":0,"parent":0,"menu_order":0,"comment_status":"closed","ping_status":"closed","template":"","meta":{"_joinchat":[],"footnotes":""},"class_list":["post-5053","page","type-page","status-publish","hentry"],"_links":{"self":[{"href":"https:\/\/traduccionesypoderes.com\/ro\/wp-json\/wp\/v2\/pages\/5053","targetHints":{"allow":["GET"]}}],"collection":[{"href":"https:\/\/traduccionesypoderes.com\/ro\/wp-json\/wp\/v2\/pages"}],"about":[{"href":"https:\/\/traduccionesypoderes.com\/ro\/wp-json\/wp\/v2\/types\/page"}],"author":[{"embeddable":true,"href":"https:\/\/traduccionesypoderes.com\/ro\/wp-json\/wp\/v2\/users\/1"}],"replies":[{"embeddable":true,"href":"https:\/\/traduccionesypoderes.com\/ro\/wp-json\/wp\/v2\/comments?post=5053"}],"version-history":[{"count":1,"href":"https:\/\/traduccionesypoderes.com\/ro\/wp-json\/wp\/v2\/pages\/5053\/revisions"}],"predecessor-version":[{"id":5054,"href":"https:\/\/traduccionesypoderes.com\/ro\/wp-json\/wp\/v2\/pages\/5053\/revisions\/5054"}],"wp:attachment":[{"href":"https:\/\/traduccionesypoderes.com\/ro\/wp-json\/wp\/v2\/media?parent=5053"}],"curies":[{"name":"wp","href":"https:\/\/api.w.org\/{rel}","templated":true}]}}